{"id":475,"date":"2025-02-25T13:11:58","date_gmt":"2025-02-25T13:11:58","guid":{"rendered":"https:\/\/nie-codzienna.pl\/?page_id=475"},"modified":"2025-02-25T13:12:01","modified_gmt":"2025-02-25T13:12:01","slug":"tworcy","status":"publish","type":"page","link":"https:\/\/nie-codzienna.pl\/ro\/tworcy\/","title":{"rendered":"Creatori"},"content":{"rendered":"","protected":false},"excerpt":{"rendered":"","protected":false},"author":1,"featured_media":0,"parent":0,"menu_order":0,"comment_status":"closed","ping_status":"closed","template":"","meta":{"_acf_changed":false,"footnotes":""},"class_list":["post-475","page","type-page","status-publish","hentry"],"acf":[],"yoast_head":"<!-- This site is optimized with the Yoast SEO plugin v23.2 - https:\/\/yoast.com\/wordpress\/plugins\/seo\/ -->\n<title>Tw\u00f3rcy - nie-codzienna.pl<\/title>\n<meta name=\"description\" content=\"Odkryj osoby, kt\u00f3re stoj\u0105 za naszym blogiem o modzie! Pasjonaci trend\u00f3w i stylu dziel\u0105 si\u0119 wiedz\u0105 i inspiracjami.\" \/>\n<meta name=\"robots\" content=\"index, follow, max-snippet:-1, max-image-preview:large, max-video-preview:-1\" \/>\n<link rel=\"canonical\" href=\"https:\/\/nie-codzienna.pl\/ro\/tworcy\/\" \/>\n<meta property=\"og:locale\" content=\"ro_RO\" \/>\n<meta property=\"og:type\" content=\"article\" \/>\n<meta property=\"og:title\" content=\"Tw\u00f3rcy - nie-codzienna.pl\" \/>\n<meta property=\"og:description\" content=\"Odkryj osoby, kt\u00f3re stoj\u0105 za naszym blogiem o modzie! Pasjonaci trend\u00f3w i stylu dziel\u0105 si\u0119 wiedz\u0105 i inspiracjami.\" \/>\n<meta property=\"og:url\" content=\"https:\/\/nie-codzienna.pl\/ro\/tworcy\/\" \/>\n<meta property=\"og:site_name\" content=\"nie-codzienna.pl\" \/>\n<meta property=\"article:modified_time\" content=\"2025-02-25T13:12:01+00:00\" \/>\n<meta name=\"twitter:card\" content=\"summary_large_image\" \/>\n<meta name=\"twitter:label1\" content=\"Timp estimat pentru citire\" \/>\n\t<meta name=\"twitter:data1\" content=\"1 minut\" \/>\n<script type=\"application\/ld+json\" class=\"yoast-schema-graph\">{\"@context\":\"https:\/\/schema.org\",\"@graph\":[{\"@type\":\"WebPage\",\"@id\":\"https:\/\/nie-codzienna.pl\/tworcy\/\",\"url\":\"https:\/\/nie-codzienna.pl\/tworcy\/\",\"name\":\"Tw\u00f3rcy - nie-codzienna.pl\",\"isPartOf\":{\"@id\":\"https:\/\/nie-codzienna.pl\/#website\"},\"datePublished\":\"2025-02-25T13:11:58+00:00\",\"dateModified\":\"2025-02-25T13:12:01+00:00\",\"description\":\"Odkryj osoby, kt\u00f3re stoj\u0105 za naszym blogiem o modzie! Pasjonaci trend\u00f3w i stylu dziel\u0105 si\u0119 wiedz\u0105 i inspiracjami.\",\"breadcrumb\":{\"@id\":\"https:\/\/nie-codzienna.pl\/tworcy\/#breadcrumb\"},\"inLanguage\":\"ro-RO\",\"potentialAction\":[{\"@type\":\"ReadAction\",\"target\":[\"https:\/\/nie-codzienna.pl\/tworcy\/\"]}]},{\"@type\":\"BreadcrumbList\",\"@id\":\"https:\/\/nie-codzienna.pl\/tworcy\/#breadcrumb\",\"itemListElement\":[{\"@type\":\"ListItem\",\"position\":1,\"name\":\"Home\",\"item\":\"https:\/\/nie-codzienna.pl\/\"},{\"@type\":\"ListItem\",\"position\":2,\"name\":\"Tw\u00f3rcy\"}]},{\"@type\":\"WebSite\",\"@id\":\"https:\/\/nie-codzienna.pl\/#website\",\"url\":\"https:\/\/nie-codzienna.pl\/\",\"name\":\"nie-codzienna.pl\",\"description\":\"Stringi sznurki: delikatno\u015b\u0107 i styl.\",\"potentialAction\":[{\"@type\":\"SearchAction\",\"target\":{\"@type\":\"EntryPoint\",\"urlTemplate\":\"https:\/\/nie-codzienna.pl\/?s={search_term_string}\"},\"query-input\":\"required name=search_term_string\"}],\"inLanguage\":\"ro-RO\"}]}<\/script>\n<!-- \/ Yoast SEO plugin. -->","yoast_head_json":{"title":"Tw\u00f3rcy - nie-codzienna.pl","description":"Odkryj osoby, kt\u00f3re stoj\u0105 za naszym blogiem o modzie! Pasjonaci trend\u00f3w i stylu dziel\u0105 si\u0119 wiedz\u0105 i inspiracjami.","robots":{"index":"index","follow":"follow","max-snippet":"max-snippet:-1","max-image-preview":"max-image-preview:large","max-video-preview":"max-video-preview:-1"},"canonical":"https:\/\/nie-codzienna.pl\/ro\/tworcy\/","og_locale":"ro_RO","og_type":"article","og_title":"Tw\u00f3rcy - nie-codzienna.pl","og_description":"Odkryj osoby, kt\u00f3re stoj\u0105 za naszym blogiem o modzie! Pasjonaci trend\u00f3w i stylu dziel\u0105 si\u0119 wiedz\u0105 i inspiracjami.","og_url":"https:\/\/nie-codzienna.pl\/ro\/tworcy\/","og_site_name":"nie-codzienna.pl","article_modified_time":"2025-02-25T13:12:01+00:00","twitter_card":"summary_large_image","twitter_misc":{"Timp estimat pentru citire":"1 minut"},"schema":{"@context":"https:\/\/schema.org","@graph":[{"@type":"WebPage","@id":"https:\/\/nie-codzienna.pl\/tworcy\/","url":"https:\/\/nie-codzienna.pl\/tworcy\/","name":"Tw\u00f3rcy - nie-codzienna.pl","isPartOf":{"@id":"https:\/\/nie-codzienna.pl\/#website"},"datePublished":"2025-02-25T13:11:58+00:00","dateModified":"2025-02-25T13:12:01+00:00","description":"Odkryj osoby, kt\u00f3re stoj\u0105 za naszym blogiem o modzie! Pasjonaci trend\u00f3w i stylu dziel\u0105 si\u0119 wiedz\u0105 i inspiracjami.","breadcrumb":{"@id":"https:\/\/nie-codzienna.pl\/tworcy\/#breadcrumb"},"inLanguage":"ro-RO","potentialAction":[{"@type":"ReadAction","target":["https:\/\/nie-codzienna.pl\/tworcy\/"]}]},{"@type":"BreadcrumbList","@id":"https:\/\/nie-codzienna.pl\/tworcy\/#breadcrumb","itemListElement":[{"@type":"ListItem","position":1,"name":"Home","item":"https:\/\/nie-codzienna.pl\/"},{"@type":"ListItem","position":2,"name":"Tw\u00f3rcy"}]},{"@type":"WebSite","@id":"https:\/\/nie-codzienna.pl\/#website","url":"https:\/\/nie-codzienna.pl\/","name":"nie-codzienna.pl","description":"Stringi sznurki: delikatno\u015b\u0107 i styl.","potentialAction":[{"@type":"SearchAction","target":{"@type":"EntryPoint","urlTemplate":"https:\/\/nie-codzienna.pl\/?s={search_term_string}"},"query-input":"required name=search_term_string"}],"inLanguage":"ro-RO"}]}},"yoast_meta":{"yoast_wpseo_title":"","yoast_wpseo_metadesc":"","yoast_wpseo_canonical":"https:\/\/nie-codzienna.pl\/ro\/wp-json\/wp\/v2\/pages\/475"},"_links":{"self":[{"href":"https:\/\/nie-codzienna.pl\/ro\/wp-json\/wp\/v2\/pages\/475"}],"collection":[{"href":"https:\/\/nie-codzienna.pl\/ro\/wp-json\/wp\/v2\/pages"}],"about":[{"href":"https:\/\/nie-codzienna.pl\/ro\/wp-json\/wp\/v2\/types\/page"}],"author":[{"embeddable":true,"href":"https:\/\/nie-codzienna.pl\/ro\/wp-json\/wp\/v2\/users\/1"}],"replies":[{"embeddable":true,"href":"https:\/\/nie-codzienna.pl\/ro\/wp-json\/wp\/v2\/comments?post=475"}],"version-history":[{"count":1,"href":"https:\/\/nie-codzienna.pl\/ro\/wp-json\/wp\/v2\/pages\/475\/revisions"}],"predecessor-version":[{"id":476,"href":"https:\/\/nie-codzienna.pl\/ro\/wp-json\/wp\/v2\/pages\/475\/revisions\/476"}],"wp:attachment":[{"href":"https:\/\/nie-codzienna.pl\/ro\/wp-json\/wp\/v2\/media?parent=475"}],"curies":[{"name":"wp","href":"https:\/\/api.w.org\/{rel}","templated":true}]}}